{"id":7145,"date":"2022-09-04T23:38:50","date_gmt":"2022-09-05T06:38:50","guid":{"rendered":"https:\/\/gwapps.com\/?page_id=7145"},"modified":"2026-01-22T13:36:27","modified_gmt":"2026-01-22T21:36:27","slug":"contact-us","status":"publish","type":"page","link":"https:\/\/gwapps.com\/es\/contact-us\/","title":{"rendered":"Cont\u00e1ctanos"},"content":{"rendered":"\t\t<div data-elementor-type=\"wp-page\" data-elementor-id=\"7145\" class=\"elementor elementor-7145\" data-elementor-post-type=\"page\">\n\t\t\t\t<div class=\"elementor-element elementor-element-8b9c25f e-flex e-con-boxed e-con e-parent\" data-id=\"8b9c25f\" data-element_type=\"container\" data-e-type=\"container\" data-settings=\"{&quot;background_background&quot;:&quot;classic&quot;}\">\n\t\t\t\t\t<div class=\"e-con-inner\">\n\t\t<div class=\"elementor-element elementor-element-22a5e38 e-flex e-con-boxed e-con e-child\" data-id=\"22a5e38\" data-element_type=\"container\" data-e-type=\"container\">\n\t\t\t\t\t<div class=\"e-con-inner\">\n\t\t\t\t<div class=\"elementor-element elementor-element-21e056a elementor-widget elementor-widget-heading\" data-id=\"21e056a\" data-element_type=\"widget\" data-e-type=\"widget\" data-widget_type=\"heading.default\">\n\t\t\t\t<div class=\"elementor-widget-container\">\n\t\t\t\t\t<h1 class=\"elementor-heading-title elementor-size-default\">Contact Us<\/h1>\t\t\t\t<\/div>\n\t\t\t\t<\/div>\n\t\t\t\t\t<\/div>\n\t\t\t\t<\/div>\n\t\t<div class=\"elementor-element elementor-element-555edba e-con-full e-flex e-con e-child\" data-id=\"555edba\" data-element_type=\"container\" data-e-type=\"container\">\n\t\t<div class=\"elementor-element elementor-element-8e62cd1 e-flex e-con-boxed e-con e-child\" data-id=\"8e62cd1\" data-element_type=\"container\" data-e-type=\"container\" data-settings=\"{&quot;background_background&quot;:&quot;classic&quot;}\">\n\t\t\t\t\t<div class=\"e-con-inner\">\n\t\t\t\t<div class=\"elementor-element elementor-element-1891448 elementor-button-align-stretch elementor-widget elementor-widget-form\" data-id=\"1891448\" data-element_type=\"widget\" data-e-type=\"widget\" data-settings=\"{&quot;step_next_label&quot;:&quot;Next&quot;,&quot;step_previous_label&quot;:&quot;Previous&quot;,&quot;button_width&quot;:&quot;100&quot;,&quot;step_type&quot;:&quot;number_text&quot;,&quot;step_icon_shape&quot;:&quot;circle&quot;}\" data-widget_type=\"form.default\">\n\t\t\t\t<div class=\"elementor-widget-container\">\n\t\t\t\t\t\t\t<form class=\"elementor-form\" method=\"post\" name=\"Contact Form\" aria-label=\"Contact Form\">\n\t\t\t<input type=\"hidden\" name=\"post_id\" value=\"7145\"\/>\n\t\t\t<input type=\"hidden\" name=\"form_id\" value=\"1891448\"\/>\n\t\t\t<input type=\"hidden\" name=\"referer_title\" value=\"Contact Us - GW Apps\" \/>\n\n\t\t\t\t\t\t\t<input type=\"hidden\" name=\"queried_id\" value=\"7145\"\/>\n\t\t\t\n\t\t\t<div class=\"elementor-form-fields-wrapper elementor-labels-above\">\n\t\t\t\t\t\t\t\t<div class=\"elementor-field-type-text elementor-field-group elementor-column elementor-field-group-name elementor-col-100\">\n\t\t\t\t\t\t\t\t\t\t\t\t<label for=\"form-field-name\" class=\"elementor-field-label\">\n\t\t\t\t\t\t\t\tFull name\t\t\t\t\t\t\t<\/label>\n\t\t\t\t\t\t\t\t\t\t\t\t\t\t<input size=\"1\" type=\"text\" name=\"form_fields[name]\" id=\"form-field-name\" class=\"elementor-field elementor-size-sm  elementor-field-textual\" placeholder=\"Enter your full name\">\n\t\t\t\t\t\t\t\t\t\t\t<\/div>\n\t\t\t\t\t\t\t\t<div class=\"elementor-field-type-email elementor-field-group elementor-column elementor-field-group-email elementor-col-100 elementor-field-required elementor-mark-required\">\n\t\t\t\t\t\t\t\t\t\t\t\t<label for=\"form-field-email\" class=\"elementor-field-label\">\n\t\t\t\t\t\t\t\tEmail\t\t\t\t\t\t\t<\/label>\n\t\t\t\t\t\t\t\t\t\t\t\t\t\t<input size=\"1\" type=\"email\" name=\"form_fields[email]\" id=\"form-field-email\" class=\"elementor-field elementor-size-sm  elementor-field-textual\" placeholder=\"Enter your email\" required=\"required\">\n\t\t\t\t\t\t\t\t\t\t\t<\/div>\n\t\t\t\t\t\t\t\t<div class=\"elementor-field-type-text elementor-field-group elementor-column elementor-field-group-field_40524d0 elementor-col-100\">\n\t\t\t\t\t\t\t\t\t\t\t\t<label for=\"form-field-field_40524d0\" class=\"elementor-field-label\">\n\t\t\t\t\t\t\t\tCompany name\t\t\t\t\t\t\t<\/label>\n\t\t\t\t\t\t\t\t\t\t\t\t\t\t<input size=\"1\" type=\"text\" name=\"form_fields[field_40524d0]\" id=\"form-field-field_40524d0\" class=\"elementor-field elementor-size-sm  elementor-field-textual\" placeholder=\"Enter company name\">\n\t\t\t\t\t\t\t\t\t\t\t<\/div>\n\t\t\t\t\t\t\t\t<div class=\"elementor-field-type-tel elementor-field-group elementor-column elementor-field-group-field_bfe9e52 elementor-col-100\">\n\t\t\t\t\t\t\t\t\t\t\t\t<label for=\"form-field-field_bfe9e52\" class=\"elementor-field-label\">\n\t\t\t\t\t\t\t\tPhone number\t\t\t\t\t\t\t<\/label>\n\t\t\t\t\t\t\t\t<input size=\"1\" type=\"tel\" name=\"form_fields[field_bfe9e52]\" id=\"form-field-field_bfe9e52\" class=\"elementor-field elementor-size-sm  elementor-field-textual\" placeholder=\"Enter phone number\" pattern=\"[0-9()#&amp;+*-=.]+\" title=\"Only numbers and phone characters (#, -, *, etc) are accepted.\">\n\n\t\t\t\t\t\t<\/div>\n\t\t\t\t\t\t\t\t<div class=\"elementor-field-type-textarea elementor-field-group elementor-column elementor-field-group-message elementor-col-100\">\n\t\t\t\t\t\t\t\t\t\t\t\t<label for=\"form-field-message\" class=\"elementor-field-label\">\n\t\t\t\t\t\t\t\tHow can we help? Would you like to schedule a demo or get additional information?\t\t\t\t\t\t\t<\/label>\n\t\t\t\t\t\t<textarea class=\"elementor-field-textual elementor-field  elementor-size-sm\" name=\"form_fields[message]\" id=\"form-field-message\" rows=\"4\" placeholder=\"Enter your message \"><\/textarea>\t\t\t\t<\/div>\n\t\t\t\t\t\t\t\t<div class=\"elementor-field-type-recaptcha_v3 elementor-field-group elementor-column elementor-field-group-field_00685ae elementor-col-100 recaptcha_v3-bottomright\">\n\t\t\t\t\t<div class=\"elementor-field\" id=\"form-field-field_00685ae\"><div class=\"elementor-g-recaptcha\" data-sitekey=\"6LfI2l4iAAAAABLEY_FwnesQbYY4FZRFyjb7tZFc\" data-type=\"v3\" data-action=\"Form\" data-badge=\"bottomright\" data-size=\"invisible\"><\/div><\/div>\t\t\t\t<\/div>\n\t\t\t\t\t\t\t\t<div class=\"elementor-field-group elementor-column elementor-field-type-submit elementor-col-100 e-form__buttons\">\n\t\t\t\t\t<button class=\"elementor-button elementor-size-sm\" type=\"submit\">\n\t\t\t\t\t\t<span class=\"elementor-button-content-wrapper\">\n\t\t\t\t\t\t\t\t\t\t\t\t\t\t\t\t\t\t\t\t\t\t<span class=\"elementor-button-text\">Send<\/span>\n\t\t\t\t\t\t\t\t\t\t\t\t\t<\/span>\n\t\t\t\t\t<\/button>\n\t\t\t\t<\/div>\n\t\t\t<\/div>\n\t\t<\/form>\n\t\t\t\t\t\t<\/div>\n\t\t\t\t<\/div>\n\t\t\t\t\t<\/div>\n\t\t\t\t<\/div>\n\t\t<div class=\"elementor-element elementor-element-8b88e64 e-flex e-con-boxed e-con e-child\" data-id=\"8b88e64\" data-element_type=\"container\" data-e-type=\"container\">\n\t\t\t\t\t<div class=\"e-con-inner\">\n\t\t\t\t<div class=\"elementor-element elementor-element-e1ff84e elementor-widget elementor-widget-heading\" data-id=\"e1ff84e\" data-element_type=\"widget\" data-e-type=\"widget\" data-widget_type=\"heading.default\">\n\t\t\t\t<div class=\"elementor-widget-container\">\n\t\t\t\t\t<h2 class=\"elementor-heading-title elementor-size-default\">What is GW Apps?<\/h2>\t\t\t\t<\/div>\n\t\t\t\t<\/div>\n\t\t\t\t<div class=\"elementor-element elementor-element-58ec3c6 elementor-widget elementor-widget-text-editor\" data-id=\"58ec3c6\" data-element_type=\"widget\" data-e-type=\"widget\" data-widget_type=\"text-editor.default\">\n\t\t\t\t<div class=\"elementor-widget-container\">\n\t\t\t\t\t\t\t\t\t<p>Glad you asked. GW Apps is a quick, easy and secure way for non-tech business employees to build the <a href=\"https:\/\/gwapps.com\/product\/\">customized apps<\/a> they need to make their workday that much easier. It&#8217;s as simple as drag, drop and configure.<\/p><p>GW Apps is also great for <a href=\"https:\/\/gwapps.com\/legacy-app-migration\/\">legacy application migration<\/a>. If your business is looking to upgrade and modernize applications previously built with Lotus Notes, Filemaker, or MS Access, we have you covered.\u00a0<\/p>\t\t\t\t\t\t\t\t<\/div>\n\t\t\t\t<\/div>\n\t\t\t\t<div class=\"elementor-element elementor-element-ac42b08 elementor-widget elementor-widget-text-editor\" data-id=\"ac42b08\" data-element_type=\"widget\" data-e-type=\"widget\" data-widget_type=\"text-editor.default\">\n\t\t\t\t<div class=\"elementor-widget-container\">\n\t\t\t\t\t\t\t\t\t<blockquote><p><b>Let us help you get started today.<\/b><\/p><\/blockquote>\t\t\t\t\t\t\t\t<\/div>\n\t\t\t\t<\/div>\n\t\t\t\t<div class=\"elementor-element elementor-element-3c4e284 elementor-widget elementor-widget-image\" data-id=\"3c4e284\" data-element_type=\"widget\" data-e-type=\"widget\" data-widget_type=\"image.default\">\n\t\t\t\t<div class=\"elementor-widget-container\">\n\t\t\t\t\t\t\t\t\t\t\t\t\t\t\t<img decoding=\"async\" src=\"https:\/\/gwapps.com\/wp-content\/uploads\/2022\/09\/Group-490-1.png\" title=\"Group 490\" alt=\"Contact us - GW Aps\" loading=\"lazy\" \/>\t\t\t\t\t\t\t\t\t\t\t\t\t\t\t<\/div>\n\t\t\t\t<\/div>\n\t\t\t\t\t<\/div>\n\t\t\t\t<\/div>\n\t\t\t\t<\/div>\n\t\t\t\t\t<\/div>\n\t\t\t\t<\/div>\n\t\t<div class=\"elementor-element elementor-element-30db85c e-flex e-con-boxed e-con e-parent\" data-id=\"30db85c\" data-element_type=\"container\" data-e-type=\"container\">\n\t\t\t\t\t<div class=\"e-con-inner\">\n\t\t\t\t<div class=\"elementor-element elementor-element-c34a219 elementor-widget elementor-widget-heading\" data-id=\"c34a219\" data-element_type=\"widget\" data-e-type=\"widget\" data-widget_type=\"heading.default\">\n\t\t\t\t<div class=\"elementor-widget-container\">\n\t\t\t\t\t<h2 class=\"elementor-heading-title elementor-size-default\">International Partners<\/h2>\t\t\t\t<\/div>\n\t\t\t\t<\/div>\n\t\t\t\t<div class=\"elementor-element elementor-element-1be5db3 elementor-widget elementor-widget-text-editor\" data-id=\"1be5db3\" data-element_type=\"widget\" data-e-type=\"widget\" data-widget_type=\"text-editor.default\">\n\t\t\t\t<div class=\"elementor-widget-container\">\n\t\t\t\t\t\t\t\t\t<p>GW Apps is building a team of trusted international partners. These carefully selected companies have impressed us with their professionalism, capability and investment in mastering GW Apps.<\/p><p>If you would like to see a demonstration or investigate GW Apps capabilities in your native language, please reach out to the partner in your country, if we have one.\u00a0<\/p>\t\t\t\t\t\t\t\t<\/div>\n\t\t\t\t<\/div>\n\t\t<div class=\"elementor-element elementor-element-3c322bd e-flex e-con-boxed e-con e-child\" data-id=\"3c322bd\" data-element_type=\"container\" data-e-type=\"container\">\n\t\t\t\t\t<div class=\"e-con-inner\">\n\t\t<div class=\"elementor-element elementor-element-daf58c2 e-flex e-con-boxed e-con e-child\" data-id=\"daf58c2\" data-element_type=\"container\" data-e-type=\"container\">\n\t\t\t\t\t<div class=\"e-con-inner\">\n\t\t\t\t<div class=\"elementor-element elementor-element-d7720f3 elementor-widget__width-inherit elementor-widget elementor-widget-heading\" data-id=\"d7720f3\" data-element_type=\"widget\" data-e-type=\"widget\" data-widget_type=\"heading.default\">\n\t\t\t\t<div class=\"elementor-widget-container\">\n\t\t\t\t\t<h2 class=\"elementor-heading-title elementor-size-default\">Italy<\/h2>\t\t\t\t<\/div>\n\t\t\t\t<\/div>\n\t\t<div class=\"elementor-element elementor-element-e444026 e-flex e-con-boxed e-con e-child\" data-id=\"e444026\" data-element_type=\"container\" data-e-type=\"container\">\n\t\t\t\t\t<div class=\"e-con-inner\">\n\t\t\t\t<div class=\"elementor-element elementor-element-f43b8a1 elementor-widget elementor-widget-image\" data-id=\"f43b8a1\" data-element_type=\"widget\" data-e-type=\"widget\" data-widget_type=\"image.default\">\n\t\t\t\t<div class=\"elementor-widget-container\">\n\t\t\t\t\t\t\t\t\t\t\t\t\t\t\t<img decoding=\"async\" src=\"https:\/\/gwapps.com\/wp-content\/uploads\/elementor\/thumbs\/image001-qcdd2wwmq4jqrr63d5txxlca8ld6lzq55dmy2wzf88.png\" title=\"no code solutions srl\" alt=\"no code solutions srl\" loading=\"lazy\" \/>\t\t\t\t\t\t\t\t\t\t\t\t\t\t\t<\/div>\n\t\t\t\t<\/div>\n\t\t\t\t\t<\/div>\n\t\t\t\t<\/div>\n\t\t\t\t<div class=\"elementor-element elementor-element-d9d3cd4 elementor-widget elementor-widget-text-editor\" data-id=\"d9d3cd4\" data-element_type=\"widget\" data-e-type=\"widget\" data-widget_type=\"text-editor.default\">\n\t\t\t\t<div class=\"elementor-widget-container\">\n\t\t\t\t\t\t\t\t\t<p><b>Iberio Michieli<\/b><br \/>No Code Solutions Srl<br \/>La StartUp innovativa che innova le PMI<br \/>Via Damiano Chiesa 12 67069 Tagliacozzo (AQ)<br \/>Mob. +39 375 869 4447<br \/>Email:\u00a0<a href=\"https:\/\/mailto:presales@nocodesolutions.it\/\" target=\"_blank\" rel=\"noopener\" data-saferedirecturl=\"https:\/\/www.google.com\/url?q=https:\/\/mailto:presales@nocodesolutions.it&amp;source=gmail&amp;ust=1749826633649000&amp;usg=AOvVaw2VqWRm0gEHO8Sh3-KKNUVM\">presales@<wbr \/>nocodesolutions.it<\/a><\/p>\t\t\t\t\t\t\t\t<\/div>\n\t\t\t\t<\/div>\n\t\t\t\t\t<\/div>\n\t\t\t\t<\/div>\n\t\t<div class=\"elementor-element elementor-element-c5f4139 e-flex e-con-boxed e-con e-child\" data-id=\"c5f4139\" data-element_type=\"container\" data-e-type=\"container\">\n\t\t\t\t\t<div class=\"e-con-inner\">\n\t\t\t\t<div class=\"elementor-element elementor-element-4cd540d elementor-widget__width-inherit elementor-widget elementor-widget-heading\" data-id=\"4cd540d\" data-element_type=\"widget\" data-e-type=\"widget\" data-widget_type=\"heading.default\">\n\t\t\t\t<div class=\"elementor-widget-container\">\n\t\t\t\t\t<h4 class=\"elementor-heading-title elementor-size-default\">Interested in Becoming a Partner?<\/h4>\t\t\t\t<\/div>\n\t\t\t\t<\/div>\n\t\t\t\t<div class=\"elementor-element elementor-element-41f598a elementor-widget elementor-widget-text-editor\" data-id=\"41f598a\" data-element_type=\"widget\" data-e-type=\"widget\" data-widget_type=\"text-editor.default\">\n\t\t\t\t<div class=\"elementor-widget-container\">\n\t\t\t\t\t\t\t\t\t<p>If your company is interested in becoming a GW Apps partner, please contact us at\u00a0<span style=\"text-align: var(--text-align); font-size: 1rem;\">sales@gwapps.com.<\/span><\/p>\t\t\t\t\t\t\t\t<\/div>\n\t\t\t\t<\/div>\n\t\t\t\t\t<\/div>\n\t\t\t\t<\/div>\n\t\t\t\t\t<\/div>\n\t\t\t\t<\/div>\n\t\t\t\t\t<\/div>\n\t\t\t\t<\/div>\n\t\t\t\t<\/div>\n\t\t","protected":false},"excerpt":{"rendered":"<p>Contact Us What is GW Apps? Glad you asked. GW Apps is a quick, easy and secure way for non-tech business employees to build the customized apps they need to make their workday that much easier. It&#8217;s as simple as drag, drop and configure. GW Apps is also great for legacy application migration. If your [&hellip;]<\/p>\n","protected":false},"author":5,"featured_media":0,"parent":0,"menu_order":0,"comment_status":"closed","ping_status":"closed","template":"","meta":{"content-type":"","footnotes":""},"categories":[],"tags":[],"class_list":["post-7145","page","type-page","status-publish","hentry"],"yoast_head":"<!-- This site is optimized with the Yoast SEO Premium plugin v27.3 (Yoast SEO v27.5) - https:\/\/yoast.com\/product\/yoast-seo-premium-wordpress\/ -->\n<title>Contact Us - GW Apps<\/title>\n<meta name=\"description\" content=\"Get in touch with the GW Apps team. Contact us today to take advantage of our no-code platform and streamline your business workflows.\" \/>\n<meta name=\"robots\" content=\"index, follow, max-snippet:-1, max-image-preview:large, max-video-preview:-1\" \/>\n<link rel=\"canonical\" href=\"https:\/\/gwapps.com\/es\/contact-us\/\" \/>\n<meta property=\"og:locale\" content=\"es_MX\" \/>\n<meta property=\"og:type\" content=\"article\" \/>\n<meta property=\"og:title\" content=\"Contact Us\" \/>\n<meta property=\"og:description\" content=\"Get in touch with the GW Apps team. Contact us today to take advantage of our no-code platform and streamline your business workflows.\" \/>\n<meta property=\"og:url\" content=\"https:\/\/gwapps.com\/es\/contact-us\/\" \/>\n<meta property=\"og:site_name\" content=\"GW Apps\" \/>\n<meta property=\"article:publisher\" content=\"https:\/\/www.facebook.com\/gwappsinc\" \/>\n<meta property=\"article:modified_time\" content=\"2026-01-22T21:36:27+00:00\" \/>\n<meta property=\"og:image\" content=\"https:\/\/gwapps.com\/wp-content\/uploads\/2022\/09\/Group-490-1.png\" \/>\n<meta name=\"twitter:card\" content=\"summary_large_image\" \/>\n<meta name=\"twitter:site\" content=\"@GWApps_Inc\" \/>\n<meta name=\"twitter:label1\" content=\"Tiempo de lectura\" \/>\n\t<meta name=\"twitter:data1\" content=\"2 minutos\" \/>\n<script type=\"application\/ld+json\" class=\"yoast-schema-graph\">{\"@context\":\"https:\\\/\\\/schema.org\",\"@graph\":[{\"@type\":\"WebPage\",\"@id\":\"https:\\\/\\\/gwapps.com\\\/contact-us\\\/\",\"url\":\"https:\\\/\\\/gwapps.com\\\/contact-us\\\/\",\"name\":\"Contact Us - GW Apps\",\"isPartOf\":{\"@id\":\"https:\\\/\\\/gwapps.com\\\/#website\"},\"primaryImageOfPage\":{\"@id\":\"https:\\\/\\\/gwapps.com\\\/contact-us\\\/#primaryimage\"},\"image\":{\"@id\":\"https:\\\/\\\/gwapps.com\\\/contact-us\\\/#primaryimage\"},\"thumbnailUrl\":\"https:\\\/\\\/gwapps.com\\\/wp-content\\\/uploads\\\/2022\\\/09\\\/Group-490-1.png\",\"datePublished\":\"2022-09-05T06:38:50+00:00\",\"dateModified\":\"2026-01-22T21:36:27+00:00\",\"description\":\"Get in touch with the GW Apps team. Contact us today to take advantage of our no-code platform and streamline your business workflows.\",\"breadcrumb\":{\"@id\":\"https:\\\/\\\/gwapps.com\\\/contact-us\\\/#breadcrumb\"},\"inLanguage\":\"es\",\"potentialAction\":[{\"@type\":\"ReadAction\",\"target\":[\"https:\\\/\\\/gwapps.com\\\/contact-us\\\/\"]}]},{\"@type\":\"ImageObject\",\"inLanguage\":\"es\",\"@id\":\"https:\\\/\\\/gwapps.com\\\/contact-us\\\/#primaryimage\",\"url\":\"https:\\\/\\\/gwapps.com\\\/wp-content\\\/uploads\\\/2022\\\/09\\\/Group-490-1.png\",\"contentUrl\":\"https:\\\/\\\/gwapps.com\\\/wp-content\\\/uploads\\\/2022\\\/09\\\/Group-490-1.png\"},{\"@type\":\"BreadcrumbList\",\"@id\":\"https:\\\/\\\/gwapps.com\\\/contact-us\\\/#breadcrumb\",\"itemListElement\":[{\"@type\":\"ListItem\",\"position\":1,\"name\":\"Home\",\"item\":\"https:\\\/\\\/gwapps.com\\\/\"},{\"@type\":\"ListItem\",\"position\":2,\"name\":\"Contact Us\"}]},{\"@type\":\"WebSite\",\"@id\":\"https:\\\/\\\/gwapps.com\\\/#website\",\"url\":\"https:\\\/\\\/gwapps.com\\\/\",\"name\":\"GW Apps\",\"description\":\"No Code. Powerful Apps\",\"publisher\":{\"@id\":\"https:\\\/\\\/gwapps.com\\\/#organization\"},\"potentialAction\":[{\"@type\":\"SearchAction\",\"target\":{\"@type\":\"EntryPoint\",\"urlTemplate\":\"https:\\\/\\\/gwapps.com\\\/?s={search_term_string}\"},\"query-input\":{\"@type\":\"PropertyValueSpecification\",\"valueRequired\":true,\"valueName\":\"search_term_string\"}}],\"inLanguage\":\"es\"},{\"@type\":[\"Organization\",\"Place\"],\"@id\":\"https:\\\/\\\/gwapps.com\\\/#organization\",\"name\":\"GW Apps\",\"alternateName\":\"gwapps\",\"url\":\"https:\\\/\\\/gwapps.com\\\/\",\"logo\":{\"@id\":\"https:\\\/\\\/gwapps.com\\\/contact-us\\\/#local-main-organization-logo\"},\"image\":{\"@id\":\"https:\\\/\\\/gwapps.com\\\/contact-us\\\/#local-main-organization-logo\"},\"sameAs\":[\"https:\\\/\\\/www.facebook.com\\\/gwappsinc\",\"https:\\\/\\\/x.com\\\/GWApps_Inc\",\"https:\\\/\\\/www.linkedin.com\\\/company\\\/gwapps\\\/\",\"https:\\\/\\\/www.youtube.com\\\/channel\\\/UCyN1tnP1Owrti0PYxEkQDaQ\",\"https:\\\/\\\/www.instagram.com\\\/gwappsinc\\\/\"],\"description\":\"GW Apps is a No-Code, drag-drop and configure application development platform that lets non-programmers create powerful, secure and highly functional applications\",\"legalName\":\"GW Apps\",\"address\":{\"@id\":\"https:\\\/\\\/gwapps.com\\\/contact-us\\\/#local-main-place-address\"},\"geo\":{\"@type\":\"GeoCoordinates\",\"latitude\":\"33.9800673192662\",\"longitude\":\"118.4063521296162\"},\"telephone\":[\"+1 877-310-1165\"],\"openingHoursSpecification\":[{\"@type\":\"OpeningHoursSpecification\",\"dayOfWeek\":[\"Sunday\",\"Monday\",\"Tuesday\",\"Wednesday\",\"Thursday\",\"Friday\",\"Saturday\"],\"opens\":\"09:00\",\"closes\":\"17:00\"}],\"email\":\"sales@gwapps.com\"},{\"@type\":\"PostalAddress\",\"@id\":\"https:\\\/\\\/gwapps.com\\\/contact-us\\\/#local-main-place-address\",\"streetAddress\":\"12130 Millennium Dr #300\",\"addressLocality\":\"Los Angeles\",\"postalCode\":\"90094\",\"addressRegion\":\"California\",\"addressCountry\":\"US\"},{\"@type\":\"ImageObject\",\"inLanguage\":\"es\",\"@id\":\"https:\\\/\\\/gwapps.com\\\/contact-us\\\/#local-main-organization-logo\",\"url\":\"https:\\\/\\\/gwapps.com\\\/wp-content\\\/uploads\\\/2022\\\/06\\\/GW-Apps-Site-Logo-234x100-1.webp\",\"contentUrl\":\"https:\\\/\\\/gwapps.com\\\/wp-content\\\/uploads\\\/2022\\\/06\\\/GW-Apps-Site-Logo-234x100-1.webp\",\"width\":234,\"height\":100,\"caption\":\"GW Apps\"}]}<\/script>\n<meta name=\"geo.placename\" content=\"Los Angeles\" \/>\n<meta name=\"geo.position\" content=\"33.9800673192662;118.4063521296162\" \/>\n<meta name=\"geo.region\" content=\"Estados Unidos (EEUU)\" \/>\n<!-- \/ Yoast SEO Premium plugin. -->","yoast_head_json":{"title":"Cont\u00e1ctanos - GW Apps","description":"Ponte en contacto con el equipo de GW Apps. Cont\u00e1ctanos hoy mismo para aprovechar nuestra plataforma sin c\u00f3digo y optimizar tus flujos de trabajo empresariales.","robots":{"index":"index","follow":"follow","max-snippet":"max-snippet:-1","max-image-preview":"max-image-preview:large","max-video-preview":"max-video-preview:-1"},"canonical":"https:\/\/gwapps.com\/es\/contact-us\/","og_locale":"es_MX","og_type":"article","og_title":"Contact Us","og_description":"Get in touch with the GW Apps team. Contact us today to take advantage of our no-code platform and streamline your business workflows.","og_url":"https:\/\/gwapps.com\/es\/contact-us\/","og_site_name":"GW Apps","article_publisher":"https:\/\/www.facebook.com\/gwappsinc","article_modified_time":"2026-01-22T21:36:27+00:00","og_image":[{"url":"https:\/\/gwapps.com\/wp-content\/uploads\/2022\/09\/Group-490-1.png","type":"","width":"","height":""}],"twitter_card":"summary_large_image","twitter_site":"@GWApps_Inc","twitter_misc":{"Tiempo de lectura":"2 minutos"},"schema":{"@context":"https:\/\/schema.org","@graph":[{"@type":"WebPage","@id":"https:\/\/gwapps.com\/contact-us\/","url":"https:\/\/gwapps.com\/contact-us\/","name":"Cont\u00e1ctanos - GW Apps","isPartOf":{"@id":"https:\/\/gwapps.com\/#website"},"primaryImageOfPage":{"@id":"https:\/\/gwapps.com\/contact-us\/#primaryimage"},"image":{"@id":"https:\/\/gwapps.com\/contact-us\/#primaryimage"},"thumbnailUrl":"https:\/\/gwapps.com\/wp-content\/uploads\/2022\/09\/Group-490-1.png","datePublished":"2022-09-05T06:38:50+00:00","dateModified":"2026-01-22T21:36:27+00:00","description":"Ponte en contacto con el equipo de GW Apps. Cont\u00e1ctanos hoy mismo para aprovechar nuestra plataforma sin c\u00f3digo y optimizar tus flujos de trabajo empresariales.","breadcrumb":{"@id":"https:\/\/gwapps.com\/contact-us\/#breadcrumb"},"inLanguage":"es","potentialAction":[{"@type":"ReadAction","target":["https:\/\/gwapps.com\/contact-us\/"]}]},{"@type":"ImageObject","inLanguage":"es","@id":"https:\/\/gwapps.com\/contact-us\/#primaryimage","url":"https:\/\/gwapps.com\/wp-content\/uploads\/2022\/09\/Group-490-1.png","contentUrl":"https:\/\/gwapps.com\/wp-content\/uploads\/2022\/09\/Group-490-1.png"},{"@type":"BreadcrumbList","@id":"https:\/\/gwapps.com\/contact-us\/#breadcrumb","itemListElement":[{"@type":"ListItem","position":1,"name":"Home","item":"https:\/\/gwapps.com\/"},{"@type":"ListItem","position":2,"name":"Contact Us"}]},{"@type":"WebSite","@id":"https:\/\/gwapps.com\/#website","url":"https:\/\/gwapps.com\/","name":"GW Apps","description":"Sin C\u00f3digo. Aplicaciones Poderosas","publisher":{"@id":"https:\/\/gwapps.com\/#organization"},"potentialAction":[{"@type":"SearchAction","target":{"@type":"EntryPoint","urlTemplate":"https:\/\/gwapps.com\/?s={search_term_string}"},"query-input":{"@type":"PropertyValueSpecification","valueRequired":true,"valueName":"search_term_string"}}],"inLanguage":"es"},{"@type":["Organization","Place"],"@id":"https:\/\/gwapps.com\/#organization","name":"GW Apps","alternateName":"gwapps","url":"https:\/\/gwapps.com\/","logo":{"@id":"https:\/\/gwapps.com\/contact-us\/#local-main-organization-logo"},"image":{"@id":"https:\/\/gwapps.com\/contact-us\/#local-main-organization-logo"},"sameAs":["https:\/\/www.facebook.com\/gwappsinc","https:\/\/x.com\/GWApps_Inc","https:\/\/www.linkedin.com\/company\/gwapps\/","https:\/\/www.youtube.com\/channel\/UCyN1tnP1Owrti0PYxEkQDaQ","https:\/\/www.instagram.com\/gwappsinc\/"],"description":"GW Apps es una plataforma de desarrollo de aplicaciones No-Code, de arrastrar y soltar y configurar, que permite a quienes no son programadores crear aplicaciones potentes, seguras y altamente funcionales.","legalName":"GW Apps","address":{"@id":"https:\/\/gwapps.com\/contact-us\/#local-main-place-address"},"geo":{"@type":"GeoCoordinates","latitude":"33.9800673192662","longitude":"118.4063521296162"},"telephone":["+1 877-310-1165"],"openingHoursSpecification":[{"@type":"OpeningHoursSpecification","dayOfWeek":["Sunday","Monday","Tuesday","Wednesday","Thursday","Friday","Saturday"],"opens":"09:00","closes":"17:00"}],"email":"sales@gwapps.com"},{"@type":"PostalAddress","@id":"https:\/\/gwapps.com\/contact-us\/#local-main-place-address","streetAddress":"12130 Millennium Dr #300","addressLocality":"Los Angeles","postalCode":"90094","addressRegion":"California","addressCountry":"US"},{"@type":"ImageObject","inLanguage":"es","@id":"https:\/\/gwapps.com\/contact-us\/#local-main-organization-logo","url":"https:\/\/gwapps.com\/wp-content\/uploads\/2022\/06\/GW-Apps-Site-Logo-234x100-1.webp","contentUrl":"https:\/\/gwapps.com\/wp-content\/uploads\/2022\/06\/GW-Apps-Site-Logo-234x100-1.webp","width":234,"height":100,"caption":"GW Apps"}]},"geo.placename":"Los Angeles","geo.position":{"lat":"33.9800673192662","long":"118.4063521296162"},"geo.region":"Estados Unidos (EEUU)"},"_links":{"self":[{"href":"https:\/\/gwapps.com\/es\/wp-json\/wp\/v2\/pages\/7145","targetHints":{"allow":["GET"]}}],"collection":[{"href":"https:\/\/gwapps.com\/es\/wp-json\/wp\/v2\/pages"}],"about":[{"href":"https:\/\/gwapps.com\/es\/wp-json\/wp\/v2\/types\/page"}],"author":[{"embeddable":true,"href":"https:\/\/gwapps.com\/es\/wp-json\/wp\/v2\/users\/5"}],"replies":[{"embeddable":true,"href":"https:\/\/gwapps.com\/es\/wp-json\/wp\/v2\/comments?post=7145"}],"version-history":[{"count":37,"href":"https:\/\/gwapps.com\/es\/wp-json\/wp\/v2\/pages\/7145\/revisions"}],"predecessor-version":[{"id":17678,"href":"https:\/\/gwapps.com\/es\/wp-json\/wp\/v2\/pages\/7145\/revisions\/17678"}],"wp:attachment":[{"href":"https:\/\/gwapps.com\/es\/wp-json\/wp\/v2\/media?parent=7145"}],"wp:term":[{"taxonomy":"category","embeddable":true,"href":"https:\/\/gwapps.com\/es\/wp-json\/wp\/v2\/categories?post=7145"},{"taxonomy":"post_tag","embeddable":true,"href":"https:\/\/gwapps.com\/es\/wp-json\/wp\/v2\/tags?post=7145"}],"curies":[{"name":"wp","href":"https:\/\/api.w.org\/{rel}","templated":true}]}}