{"id":15270,"date":"2025-09-02T01:01:23","date_gmt":"2025-09-02T08:01:23","guid":{"rendered":"https:\/\/gwapps.com\/?p=15270"},"modified":"2025-11-05T09:44:54","modified_gmt":"2025-11-05T17:44:54","slug":"webinar-may-3-2023-building-a-modern-self-service-portal","status":"publish","type":"page","link":"https:\/\/gwapps.com\/es\/resources\/webinar-may-3-2023-building-a-modern-self-service-portal\/","title":{"rendered":"Webinar del 3 de mayo de 2023: Creaci\u00f3n de un Portal de Autoservicio Moderno"},"content":{"rendered":"<div data-elementor-type=\"wp-post\" data-elementor-id=\"15270\" class=\"elementor elementor-15270\" data-elementor-post-type=\"page\">\n\t\t\t\t<div class=\"elementor-element elementor-element-2314f53 e-flex e-con-boxed e-con e-parent\" data-id=\"2314f53\" data-element_type=\"container\" data-e-type=\"container\">\n\t\t\t\t\t<div class=\"e-con-inner\">\n\t\t\t\t<div class=\"elementor-element elementor-element-40a67cf elementor-widget elementor-widget-breadcrumbs\" data-id=\"40a67cf\" data-element_type=\"widget\" data-e-type=\"widget\" data-widget_type=\"breadcrumbs.default\">\n\t\t\t\t<div class=\"elementor-widget-container\">\n\t\t\t\t\t<p id=\"breadcrumbs\"><span><span><a href=\"https:\/\/gwapps.com\/es\/\">Inicio<\/a><\/span><\/span><\/p>\t\t\t\t<\/div>\n\t\t\t\t<\/div>\n\t\t\t\t\t<\/div>\n\t\t\t\t<\/div>\n\t\t<div class=\"elementor-element elementor-element-7abed10 e-flex e-con-boxed e-con e-parent\" data-id=\"7abed10\" data-element_type=\"container\" data-e-type=\"container\">\n\t\t\t\t\t<div class=\"e-con-inner\">\n\t\t<div class=\"elementor-element elementor-element-f80b593 e-con-full e-flex e-con e-child\" data-id=\"f80b593\" data-element_type=\"container\" data-e-type=\"container\">\n\t\t<div class=\"elementor-element elementor-element-43f4d50 e-con-full e-flex e-con e-child\" data-id=\"43f4d50\" data-element_type=\"container\" data-e-type=\"container\">\n\t\t\t\t<div class=\"elementor-element elementor-element-5f9ff09 elementor-widget elementor-widget-image\" data-id=\"5f9ff09\" data-element_type=\"widget\" data-e-type=\"widget\" data-widget_type=\"image.default\">\n\t\t\t\t<div class=\"elementor-widget-container\">\n\t\t\t\t\t\t\t\t\t\t\t\t<figure class=\"wp-caption\">\n\t\t\t\t\t\t\t\t\t\t<img fetchpriority=\"high\" decoding=\"async\" width=\"800\" height=\"671\" src=\"https:\/\/gwapps.com\/wp-content\/uploads\/2022\/10\/May-3.png\" class=\"attachment-large size-large wp-image-11898\" alt=\"\" srcset=\"https:\/\/gwapps.com\/wp-content\/uploads\/2022\/10\/May-3.png 940w, https:\/\/gwapps.com\/wp-content\/uploads\/2022\/10\/May-3-300x251.png 300w, https:\/\/gwapps.com\/wp-content\/uploads\/2022\/10\/May-3-768x644.png 768w\" sizes=\"(max-width: 800px) 100vw, 800px\" \/>\t\t\t\t\t\t\t\t\t\t\t<figcaption class=\"widget-image-caption wp-caption-text\"><\/figcaption>\n\t\t\t\t\t\t\t\t\t\t<\/figure>\n\t\t\t\t\t\t\t\t\t<\/div>\n\t\t\t\t<\/div>\n\t\t\t\t<div class=\"elementor-element elementor-element-cb1f77a elementor-widget elementor-widget-heading\" data-id=\"cb1f77a\" data-element_type=\"widget\" data-e-type=\"widget\" data-widget_type=\"heading.default\">\n\t\t\t\t<div class=\"elementor-widget-container\">\n\t\t\t\t\t<h2 class=\"elementor-heading-title elementor-size-default\">Construcci\u00f3n de un portal de autoservicio moderno<\/h2>\t\t\t\t<\/div>\n\t\t\t\t<\/div>\n\t\t\t\t<div class=\"elementor-element elementor-element-5f55279 elementor-widget elementor-widget-text-editor\" data-id=\"5f55279\" data-element_type=\"widget\" data-e-type=\"widget\" data-widget_type=\"text-editor.default\">\n\t\t\t\t<div class=\"elementor-widget-container\">\n\t\t\t\t\t\t\t\t\t<p>Un portal de autoservicio para empleados es la forma m\u00e1s eficiente para que sus equipos soliciten servicios de TI y gesti\u00f3n empresarial:<\/p><ul><li>Facilitar las solicitudes de servicios de TI y de negocios<\/li><li>Agiliza las aprobaciones y finalizaci\u00f3n de las solicitudes de servicio<\/li><li>Reducir Costos Operacionales<\/li><\/ul><p>\u00a0<\/p><p>GW Apps te permite digitalizar tus formularios r\u00e1pidamente, crear servicios de flujo de trabajo avanzados para acomodar m\u00faltiples niveles de aprobaci\u00f3n, enviar notificaciones y actualizaciones de estado personalizadas, generar informes de gesti\u00f3n para rastrear el rendimiento y los SLAs. Todos los elementos necesarios para un portal de autoservicio exitoso para empleados.<\/p><p>En este seminario web, te mostraremos lo que se necesita para crear e implementar r\u00e1pidamente tu portal de autoservicio para empleados.<\/p><p><\/p>\t\t\t\t\t\t\t\t<\/div>\n\t\t\t\t<\/div>\n\t\t\t\t<div class=\"elementor-element elementor-element-fa9e0ad elementor-widget elementor-widget-heading\" data-id=\"fa9e0ad\" data-element_type=\"widget\" data-e-type=\"widget\" data-widget_type=\"heading.default\">\n\t\t\t\t<div class=\"elementor-widget-container\">\n\t\t\t\t\t<h2 class=\"elementor-heading-title elementor-size-default\">Horario del Webinar<\/h2>\t\t\t\t<\/div>\n\t\t\t\t<\/div>\n\t\t\t\t<div class=\"elementor-element elementor-element-e6f9e08 elementor-widget elementor-widget-text-editor\" data-id=\"e6f9e08\" data-element_type=\"widget\" data-e-type=\"widget\" data-widget_type=\"text-editor.default\">\n\t\t\t\t<div class=\"elementor-widget-container\">\n\t\t\t\t\t\t\t\t\t<ul>\n<li>Fecha: mi\u00e9rcoles, 3 de mayo de 2023<\/li>\n<li>Hora: 10:00-10:30 AM PT \/\/ 1:00-1:30 PM ET<\/li>\n<li>Invita a tus colegas<\/li>\n<\/ul>\n<p><\/p>\t\t\t\t\t\t\t\t<\/div>\n\t\t\t\t<\/div>\n\t\t\t\t<div class=\"elementor-element elementor-element-b3689e5 elementor-widget elementor-widget-text-editor\" data-id=\"b3689e5\" data-element_type=\"widget\" data-e-type=\"widget\" data-widget_type=\"text-editor.default\">\n\t\t\t\t<div class=\"elementor-widget-container\">\n\t\t\t\t\t\t\t\t\t<p>Si tienes alguna pregunta o te gustar\u00eda programar una demostraci\u00f3n\/reuni\u00f3n, puedes contactarnos en sales@gwapps.com o solicitar tu reuni\u00f3n aqu\u00ed:\u00a0<a href=\"https:\/\/meetings.hubspot.com\/support1313\" target=\"_blank\" rel=\"noopener\"><span style=\"color: #2196f3;\">Solicitar una reuni\u00f3n<\/span><\/a>. Tambi\u00e9n puedes usar este enlace para comenzar tu prueba gratuita: <a href=\"https:\/\/gwapps.com\/es\/sign-up-landing\/\" target=\"_blank\" rel=\"noopener\"><span style=\"color: #2196f3;\">Prueba gratuita de 30 d\u00edas de GW Apps<\/span><\/a>.<\/p>\t\t\t\t\t\t\t\t<\/div>\n\t\t\t\t<\/div>\n\t\t\t\t<\/div>\n\t\t\t\t<\/div>\n\t\t<div class=\"elementor-element elementor-element-0a03f6d e-con-full e-flex e-con e-child\" data-id=\"0a03f6d\" data-element_type=\"container\" data-e-type=\"container\">\n\t\t\t\t<div class=\"elementor-element elementor-element-d74e998 elementor-widget elementor-widget-heading\" data-id=\"d74e998\" data-element_type=\"widget\" data-e-type=\"widget\" data-widget_type=\"heading.default\">\n\t\t\t\t<div class=\"elementor-widget-container\">\n\t\t\t\t\t<h2 class=\"elementor-heading-title elementor-size-default\">Publicaciones recientes<\/h2>\t\t\t\t<\/div>\n\t\t\t\t<\/div>\n\t\t\t\t<div class=\"elementor-element elementor-element-766a6b5 elementor-grid-1 elementor-posts--align-left elementor-posts--thumbnail-none elementor-grid-tablet-2 elementor-grid-mobile-1 elementor-widget elementor-widget-posts\" data-id=\"766a6b5\" data-element_type=\"widget\" data-e-type=\"widget\" data-settings=\"{&quot;classic_columns&quot;:&quot;1&quot;,&quot;classic_row_gap&quot;:{&quot;unit&quot;:&quot;px&quot;,&quot;size&quot;:10,&quot;sizes&quot;:[]},&quot;classic_columns_tablet&quot;:&quot;2&quot;,&quot;classic_columns_mobile&quot;:&quot;1&quot;,&quot;classic_row_gap_tablet&quot;:{&quot;unit&quot;:&quot;px&quot;,&quot;size&quot;:&quot;&quot;,&quot;sizes&quot;:[]},&quot;classic_row_gap_mobile&quot;:{&quot;unit&quot;:&quot;px&quot;,&quot;size&quot;:&quot;&quot;,&quot;sizes&quot;:[]}}\" data-widget_type=\"posts.classic\">\n\t\t\t\t<div class=\"elementor-widget-container\">\n\t\t\t\t\t\t\t<div class=\"elementor-posts-container elementor-posts elementor-posts--skin-classic elementor-grid\" role=\"list\">\n\t\t\t\t<article class=\"elementor-post elementor-grid-item post-15258 page type-page status-publish hentry category-resources category-resources-events\" role=\"listitem\">\n\t\t\t\t<div class=\"elementor-post__text\">\n\t\t\t\t<h3 class=\"elementor-post__title\">\n\t\t\t<a href=\"https:\/\/gwapps.com\/es\/resources\/empower-your-business-building-powerful-apps-with-no-code-webinar-recap-7-23-2024\/\" >\n\t\t\t\tPotencia tu Negocio: Crea Aplicaciones Poderosas con No-Code \u2013 Resumen del Webinar \u2013 23\/07\/2024\t\t\t<\/a>\n\t\t<\/h3>\n\t\t\t\t<\/div>\n\t\t\t\t<\/article>\n\t\t\t\t<article class=\"elementor-post elementor-grid-item post-15264 page type-page status-publish hentry category-resources category-resources-events\" role=\"listitem\">\n\t\t\t\t<div class=\"elementor-post__text\">\n\t\t\t\t<h3 class=\"elementor-post__title\">\n\t\t\t<a href=\"https:\/\/gwapps.com\/es\/resources\/no-code-training-workshop-september-20th-2023\/\" >\n\t\t\t\tTaller de Capacitaci\u00f3n No-Code 20 de septiembre de 2023\t\t\t<\/a>\n\t\t<\/h3>\n\t\t\t\t<\/div>\n\t\t\t\t<\/article>\n\t\t\t\t<article class=\"elementor-post elementor-grid-item post-15270 page type-page status-publish hentry category-resources category-resources-events\" role=\"listitem\">\n\t\t\t\t<div class=\"elementor-post__text\">\n\t\t\t\t<h3 class=\"elementor-post__title\">\n\t\t\t<a href=\"https:\/\/gwapps.com\/es\/resources\/webinar-may-3-2023-building-a-modern-self-service-portal\/\" >\n\t\t\t\tWebinar del 3 de mayo de 2023: Creaci\u00f3n de un Portal de Autoservicio Moderno\t\t\t<\/a>\n\t\t<\/h3>\n\t\t\t\t<\/div>\n\t\t\t\t<\/article>\n\t\t\t\t<article class=\"elementor-post elementor-grid-item post-15277 page type-page status-publish hentry category-resources category-resources-events\" role=\"listitem\">\n\t\t\t\t<div class=\"elementor-post__text\">\n\t\t\t\t<h3 class=\"elementor-post__title\">\n\t\t\t<a href=\"https:\/\/gwapps.com\/es\/resources\/no-code-training-workshop-december-9th-2022\/\" >\n\t\t\t\tTaller de Entrenamiento No-Code 9 de diciembre de 2022\t\t\t<\/a>\n\t\t<\/h3>\n\t\t\t\t<\/div>\n\t\t\t\t<\/article>\n\t\t\t\t<article class=\"elementor-post elementor-grid-item post-17650 page type-page status-publish hentry category-resources category-resources-events\" role=\"listitem\">\n\t\t\t\t<div class=\"elementor-post__text\">\n\t\t\t\t<h3 class=\"elementor-post__title\">\n\t\t\t<a href=\"https:\/\/gwapps.com\/es\/resources\/streamline-inquiries-and-quote-generation\/\" >\n\t\t\t\tOptimiza tu flujo de trabajo de consulta a cotizaci\u00f3n en una sola aplicaci\u00f3n\t\t\t<\/a>\n\t\t<\/h3>\n\t\t\t\t<\/div>\n\t\t\t\t<\/article>\n\t\t\t\t<\/div>\n\t\t\n\t\t\t\t\t\t<\/div>\n\t\t\t\t<\/div>\n\t\t\t\t<\/div>\n\t\t\t\t\t<\/div>\n\t\t\t\t<\/div>\n\t\t<div class=\"elementor-element elementor-element-c7ac637 e-flex e-con-boxed e-con e-parent\" data-id=\"c7ac637\" data-element_type=\"container\" data-e-type=\"container\" data-settings=\"{&quot;background_background&quot;:&quot;classic&quot;}\">\n\t\t\t\t\t<div class=\"e-con-inner\">\n\t\t<div class=\"elementor-element elementor-element-482e951 e-con-full e-flex e-con e-child\" data-id=\"482e951\" data-element_type=\"container\" data-e-type=\"container\">\n\t\t\t\t<div class=\"elementor-element elementor-element-93054bb elementor-widget elementor-widget-heading\" data-id=\"93054bb\" data-element_type=\"widget\" data-e-type=\"widget\" data-widget_type=\"heading.default\">\n\t\t\t\t<div class=\"elementor-widget-container\">\n\t\t\t\t\t<h2 class=\"elementor-heading-title elementor-size-default\">\u00bfListo para empezar?<\/h2>\t\t\t\t<\/div>\n\t\t\t\t<\/div>\n\t\t\t\t<div class=\"elementor-element elementor-element-6dc4b36 elementor-widget elementor-widget-text-editor\" data-id=\"6dc4b36\" data-element_type=\"widget\" data-e-type=\"widget\" data-widget_type=\"text-editor.default\">\n\t\t\t\t<div class=\"elementor-widget-container\">\n\t\t\t\t\t\t\t\t\t<p>Inicia tu prueba gratuita de 30 d\u00edas y descubre lo f\u00e1cil que es conectar a tus empleados con los servicios que necesitan.<\/p>\t\t\t\t\t\t\t\t<\/div>\n\t\t\t\t<\/div>\n\t\t\t\t<div class=\"elementor-element elementor-element-b133929 elementor-align-center elementor-widget elementor-widget-button\" data-id=\"b133929\" data-element_type=\"widget\" data-e-type=\"widget\" data-widget_type=\"button.default\">\n\t\t\t\t<div class=\"elementor-widget-container\">\n\t\t\t\t\t\t\t\t\t<div class=\"elementor-button-wrapper\">\n\t\t\t\t\t<a class=\"elementor-button elementor-button-link elementor-size-sm elementor-animation-grow\" href=\"https:\/\/gwapps.com\/es\/sign-up-landing\/\">\n\t\t\t\t\t\t<span class=\"elementor-button-content-wrapper\">\n\t\t\t\t\t\t\t\t\t<span class=\"elementor-button-text\">Prueba gratuita de 30 d\u00edas<\/span>\n\t\t\t\t\t<\/span>\n\t\t\t\t\t<\/a>\n\t\t\t\t<\/div>\n\t\t\t\t\t\t\t\t<\/div>\n\t\t\t\t<\/div>\n\t\t\t\t<\/div>\n\t\t\t\t\t<\/div>\n\t\t\t\t<\/div>\n\t\t\t\t<\/div>","protected":false},"excerpt":{"rendered":"<p>En este seminario web, te mostraremos lo que se necesita para crear e implementar r\u00e1pidamente tu portal de autoservicio para empleados.<\/p>","protected":false},"author":8,"featured_media":0,"parent":4549,"menu_order":0,"comment_status":"closed","ping_status":"closed","template":"","meta":{"content-type":"","footnotes":""},"categories":[145,148],"tags":[],"class_list":["post-15270","page","type-page","status-publish","hentry","category-resources","category-resources-events"],"yoast_head":"<!-- This site is optimized with the Yoast SEO Premium plugin v27.3 (Yoast SEO v27.5) - https:\/\/yoast.com\/product\/yoast-seo-premium-wordpress\/ -->\n<title>Webinar May 3, 2023: Building a Modern Self-Service Portal - GW Apps<\/title>\n<meta name=\"robots\" content=\"index, follow, max-snippet:-1, max-image-preview:large, max-video-preview:-1\" \/>\n<link rel=\"canonical\" href=\"https:\/\/gwapps.com\/es\/resources\/webinar-may-3-2023-building-a-modern-self-service-portal\/\" \/>\n<meta property=\"og:locale\" content=\"es_MX\" \/>\n<meta property=\"og:type\" content=\"article\" \/>\n<meta property=\"og:title\" content=\"Webinar May 3, 2023: Building a Modern Self-Service Portal\" \/>\n<meta property=\"og:description\" content=\"In this webinar, we\u2019ll show you what it takes to rapidly build and deploy your employee self service portal.\" \/>\n<meta property=\"og:url\" content=\"https:\/\/gwapps.com\/es\/resources\/webinar-may-3-2023-building-a-modern-self-service-portal\/\" \/>\n<meta property=\"og:site_name\" content=\"GW Apps\" \/>\n<meta property=\"article:publisher\" content=\"https:\/\/www.facebook.com\/gwappsinc\" \/>\n<meta property=\"article:modified_time\" content=\"2025-11-05T17:44:54+00:00\" \/>\n<meta property=\"og:image\" content=\"https:\/\/gwapps.com\/wp-content\/uploads\/2022\/10\/May-3.png\" \/>\n\t<meta property=\"og:image:width\" content=\"940\" \/>\n\t<meta property=\"og:image:height\" content=\"788\" \/>\n\t<meta property=\"og:image:type\" content=\"image\/png\" \/>\n<meta name=\"twitter:card\" content=\"summary_large_image\" \/>\n<meta name=\"twitter:site\" content=\"@GWApps_Inc\" \/>\n<meta name=\"twitter:label1\" content=\"Tiempo de lectura\" \/>\n\t<meta name=\"twitter:data1\" content=\"2 minutos\" \/>\n<script type=\"application\/ld+json\" class=\"yoast-schema-graph\">{\"@context\":\"https:\\\/\\\/schema.org\",\"@graph\":[{\"@type\":\"WebPage\",\"@id\":\"https:\\\/\\\/gwapps.com\\\/resources\\\/webinar-may-3-2023-building-a-modern-self-service-portal\\\/\",\"url\":\"https:\\\/\\\/gwapps.com\\\/resources\\\/webinar-may-3-2023-building-a-modern-self-service-portal\\\/\",\"name\":\"Webinar May 3, 2023: Building a Modern Self-Service Portal - GW Apps\",\"isPartOf\":{\"@id\":\"https:\\\/\\\/gwapps.com\\\/#website\"},\"primaryImageOfPage\":{\"@id\":\"https:\\\/\\\/gwapps.com\\\/resources\\\/webinar-may-3-2023-building-a-modern-self-service-portal\\\/#primaryimage\"},\"image\":{\"@id\":\"https:\\\/\\\/gwapps.com\\\/resources\\\/webinar-may-3-2023-building-a-modern-self-service-portal\\\/#primaryimage\"},\"thumbnailUrl\":\"https:\\\/\\\/gwapps.com\\\/wp-content\\\/uploads\\\/2022\\\/10\\\/May-3.png\",\"datePublished\":\"2025-09-02T08:01:23+00:00\",\"dateModified\":\"2025-11-05T17:44:54+00:00\",\"breadcrumb\":{\"@id\":\"https:\\\/\\\/gwapps.com\\\/resources\\\/webinar-may-3-2023-building-a-modern-self-service-portal\\\/#breadcrumb\"},\"inLanguage\":\"es\",\"potentialAction\":[{\"@type\":\"ReadAction\",\"target\":[\"https:\\\/\\\/gwapps.com\\\/resources\\\/webinar-may-3-2023-building-a-modern-self-service-portal\\\/\"]}]},{\"@type\":\"ImageObject\",\"inLanguage\":\"es\",\"@id\":\"https:\\\/\\\/gwapps.com\\\/resources\\\/webinar-may-3-2023-building-a-modern-self-service-portal\\\/#primaryimage\",\"url\":\"https:\\\/\\\/gwapps.com\\\/wp-content\\\/uploads\\\/2022\\\/10\\\/May-3.png\",\"contentUrl\":\"https:\\\/\\\/gwapps.com\\\/wp-content\\\/uploads\\\/2022\\\/10\\\/May-3.png\"},{\"@type\":\"BreadcrumbList\",\"@id\":\"https:\\\/\\\/gwapps.com\\\/resources\\\/webinar-may-3-2023-building-a-modern-self-service-portal\\\/#breadcrumb\",\"itemListElement\":[{\"@type\":\"ListItem\",\"position\":1,\"name\":\"Home\",\"item\":\"https:\\\/\\\/gwapps.com\\\/\"},{\"@type\":\"ListItem\",\"position\":2,\"name\":\"Resources\",\"item\":\"https:\\\/\\\/gwapps.com\\\/resources\\\/\"},{\"@type\":\"ListItem\",\"position\":3,\"name\":\"Webinar May 3, 2023: Building a Modern Self-Service Portal\"}]},{\"@type\":\"WebSite\",\"@id\":\"https:\\\/\\\/gwapps.com\\\/#website\",\"url\":\"https:\\\/\\\/gwapps.com\\\/\",\"name\":\"GW Apps\",\"description\":\"No Code. Powerful Apps\",\"publisher\":{\"@id\":\"https:\\\/\\\/gwapps.com\\\/#organization\"},\"potentialAction\":[{\"@type\":\"SearchAction\",\"target\":{\"@type\":\"EntryPoint\",\"urlTemplate\":\"https:\\\/\\\/gwapps.com\\\/?s={search_term_string}\"},\"query-input\":{\"@type\":\"PropertyValueSpecification\",\"valueRequired\":true,\"valueName\":\"search_term_string\"}}],\"inLanguage\":\"es\"},{\"@type\":[\"Organization\",\"Place\"],\"@id\":\"https:\\\/\\\/gwapps.com\\\/#organization\",\"name\":\"GW Apps\",\"alternateName\":\"gwapps\",\"url\":\"https:\\\/\\\/gwapps.com\\\/\",\"logo\":{\"@id\":\"https:\\\/\\\/gwapps.com\\\/resources\\\/webinar-may-3-2023-building-a-modern-self-service-portal\\\/#local-main-organization-logo\"},\"image\":{\"@id\":\"https:\\\/\\\/gwapps.com\\\/resources\\\/webinar-may-3-2023-building-a-modern-self-service-portal\\\/#local-main-organization-logo\"},\"sameAs\":[\"https:\\\/\\\/www.facebook.com\\\/gwappsinc\",\"https:\\\/\\\/x.com\\\/GWApps_Inc\",\"https:\\\/\\\/www.linkedin.com\\\/company\\\/gwapps\\\/\",\"https:\\\/\\\/www.youtube.com\\\/channel\\\/UCyN1tnP1Owrti0PYxEkQDaQ\",\"https:\\\/\\\/www.instagram.com\\\/gwappsinc\\\/\"],\"description\":\"GW Apps is a No-Code, drag-drop and configure application development platform that lets non-programmers create powerful, secure and highly functional applications\",\"legalName\":\"GW Apps\",\"address\":{\"@id\":\"https:\\\/\\\/gwapps.com\\\/resources\\\/webinar-may-3-2023-building-a-modern-self-service-portal\\\/#local-main-place-address\"},\"geo\":{\"@type\":\"GeoCoordinates\",\"latitude\":\"33.9800673192662\",\"longitude\":\"118.4063521296162\"},\"telephone\":[\"+1 877-310-1165\"],\"openingHoursSpecification\":[{\"@type\":\"OpeningHoursSpecification\",\"dayOfWeek\":[\"Sunday\",\"Monday\",\"Tuesday\",\"Wednesday\",\"Thursday\",\"Friday\",\"Saturday\"],\"opens\":\"09:00\",\"closes\":\"17:00\"}],\"email\":\"sales@gwapps.com\"},{\"@type\":\"PostalAddress\",\"@id\":\"https:\\\/\\\/gwapps.com\\\/resources\\\/webinar-may-3-2023-building-a-modern-self-service-portal\\\/#local-main-place-address\",\"streetAddress\":\"12130 Millennium Dr #300\",\"addressLocality\":\"Los Angeles\",\"postalCode\":\"90094\",\"addressRegion\":\"California\",\"addressCountry\":\"US\"},{\"@type\":\"ImageObject\",\"inLanguage\":\"es\",\"@id\":\"https:\\\/\\\/gwapps.com\\\/resources\\\/webinar-may-3-2023-building-a-modern-self-service-portal\\\/#local-main-organization-logo\",\"url\":\"https:\\\/\\\/gwapps.com\\\/wp-content\\\/uploads\\\/2022\\\/06\\\/GW-Apps-Site-Logo-234x100-1.webp\",\"contentUrl\":\"https:\\\/\\\/gwapps.com\\\/wp-content\\\/uploads\\\/2022\\\/06\\\/GW-Apps-Site-Logo-234x100-1.webp\",\"width\":234,\"height\":100,\"caption\":\"GW Apps\"}]}<\/script>\n<meta name=\"geo.placename\" content=\"Los Angeles\" \/>\n<meta name=\"geo.position\" content=\"33.9800673192662;118.4063521296162\" \/>\n<meta name=\"geo.region\" content=\"Estados Unidos (EEUU)\" \/>\n<!-- \/ Yoast SEO Premium plugin. -->","yoast_head_json":{"title":"Webinar 3 de mayo de 2023: Creaci\u00f3n de un portal de autoservicio moderno - GW Apps","robots":{"index":"index","follow":"follow","max-snippet":"max-snippet:-1","max-image-preview":"max-image-preview:large","max-video-preview":"max-video-preview:-1"},"canonical":"https:\/\/gwapps.com\/es\/resources\/webinar-may-3-2023-building-a-modern-self-service-portal\/","og_locale":"es_MX","og_type":"article","og_title":"Webinar May 3, 2023: Building a Modern Self-Service Portal","og_description":"In this webinar, we\u2019ll show you what it takes to rapidly build and deploy your employee self service portal.","og_url":"https:\/\/gwapps.com\/es\/resources\/webinar-may-3-2023-building-a-modern-self-service-portal\/","og_site_name":"GW Apps","article_publisher":"https:\/\/www.facebook.com\/gwappsinc","article_modified_time":"2025-11-05T17:44:54+00:00","og_image":[{"width":940,"height":788,"url":"https:\/\/gwapps.com\/wp-content\/uploads\/2022\/10\/May-3.png","type":"image\/png"}],"twitter_card":"summary_large_image","twitter_site":"@GWApps_Inc","twitter_misc":{"Tiempo de lectura":"2 minutos"},"schema":{"@context":"https:\/\/schema.org","@graph":[{"@type":"WebPage","@id":"https:\/\/gwapps.com\/resources\/webinar-may-3-2023-building-a-modern-self-service-portal\/","url":"https:\/\/gwapps.com\/resources\/webinar-may-3-2023-building-a-modern-self-service-portal\/","name":"Webinar 3 de mayo de 2023: Creaci\u00f3n de un portal de autoservicio moderno - GW Apps","isPartOf":{"@id":"https:\/\/gwapps.com\/#website"},"primaryImageOfPage":{"@id":"https:\/\/gwapps.com\/resources\/webinar-may-3-2023-building-a-modern-self-service-portal\/#primaryimage"},"image":{"@id":"https:\/\/gwapps.com\/resources\/webinar-may-3-2023-building-a-modern-self-service-portal\/#primaryimage"},"thumbnailUrl":"https:\/\/gwapps.com\/wp-content\/uploads\/2022\/10\/May-3.png","datePublished":"2025-09-02T08:01:23+00:00","dateModified":"2025-11-05T17:44:54+00:00","breadcrumb":{"@id":"https:\/\/gwapps.com\/resources\/webinar-may-3-2023-building-a-modern-self-service-portal\/#breadcrumb"},"inLanguage":"es","potentialAction":[{"@type":"ReadAction","target":["https:\/\/gwapps.com\/resources\/webinar-may-3-2023-building-a-modern-self-service-portal\/"]}]},{"@type":"ImageObject","inLanguage":"es","@id":"https:\/\/gwapps.com\/resources\/webinar-may-3-2023-building-a-modern-self-service-portal\/#primaryimage","url":"https:\/\/gwapps.com\/wp-content\/uploads\/2022\/10\/May-3.png","contentUrl":"https:\/\/gwapps.com\/wp-content\/uploads\/2022\/10\/May-3.png"},{"@type":"BreadcrumbList","@id":"https:\/\/gwapps.com\/resources\/webinar-may-3-2023-building-a-modern-self-service-portal\/#breadcrumb","itemListElement":[{"@type":"ListItem","position":1,"name":"Home","item":"https:\/\/gwapps.com\/"},{"@type":"ListItem","position":2,"name":"Resources","item":"https:\/\/gwapps.com\/resources\/"},{"@type":"ListItem","position":3,"name":"Webinar May 3, 2023: Building a Modern Self-Service Portal"}]},{"@type":"WebSite","@id":"https:\/\/gwapps.com\/#website","url":"https:\/\/gwapps.com\/","name":"GW Apps","description":"Sin C\u00f3digo. Aplicaciones Poderosas","publisher":{"@id":"https:\/\/gwapps.com\/#organization"},"potentialAction":[{"@type":"SearchAction","target":{"@type":"EntryPoint","urlTemplate":"https:\/\/gwapps.com\/?s={search_term_string}"},"query-input":{"@type":"PropertyValueSpecification","valueRequired":true,"valueName":"search_term_string"}}],"inLanguage":"es"},{"@type":["Organization","Place"],"@id":"https:\/\/gwapps.com\/#organization","name":"GW Apps","alternateName":"gwapps","url":"https:\/\/gwapps.com\/","logo":{"@id":"https:\/\/gwapps.com\/resources\/webinar-may-3-2023-building-a-modern-self-service-portal\/#local-main-organization-logo"},"image":{"@id":"https:\/\/gwapps.com\/resources\/webinar-may-3-2023-building-a-modern-self-service-portal\/#local-main-organization-logo"},"sameAs":["https:\/\/www.facebook.com\/gwappsinc","https:\/\/x.com\/GWApps_Inc","https:\/\/www.linkedin.com\/company\/gwapps\/","https:\/\/www.youtube.com\/channel\/UCyN1tnP1Owrti0PYxEkQDaQ","https:\/\/www.instagram.com\/gwappsinc\/"],"description":"GW Apps es una plataforma de desarrollo de aplicaciones No-Code, de arrastrar y soltar y configurar, que permite a quienes no son programadores crear aplicaciones potentes, seguras y altamente funcionales.","legalName":"GW Apps","address":{"@id":"https:\/\/gwapps.com\/resources\/webinar-may-3-2023-building-a-modern-self-service-portal\/#local-main-place-address"},"geo":{"@type":"GeoCoordinates","latitude":"33.9800673192662","longitude":"118.4063521296162"},"telephone":["+1 877-310-1165"],"openingHoursSpecification":[{"@type":"OpeningHoursSpecification","dayOfWeek":["Sunday","Monday","Tuesday","Wednesday","Thursday","Friday","Saturday"],"opens":"09:00","closes":"17:00"}],"email":"sales@gwapps.com"},{"@type":"PostalAddress","@id":"https:\/\/gwapps.com\/resources\/webinar-may-3-2023-building-a-modern-self-service-portal\/#local-main-place-address","streetAddress":"12130 Millennium Dr #300","addressLocality":"Los Angeles","postalCode":"90094","addressRegion":"California","addressCountry":"US"},{"@type":"ImageObject","inLanguage":"es","@id":"https:\/\/gwapps.com\/resources\/webinar-may-3-2023-building-a-modern-self-service-portal\/#local-main-organization-logo","url":"https:\/\/gwapps.com\/wp-content\/uploads\/2022\/06\/GW-Apps-Site-Logo-234x100-1.webp","contentUrl":"https:\/\/gwapps.com\/wp-content\/uploads\/2022\/06\/GW-Apps-Site-Logo-234x100-1.webp","width":234,"height":100,"caption":"GW Apps"}]},"geo.placename":"Los Angeles","geo.position":{"lat":"33.9800673192662","long":"118.4063521296162"},"geo.region":"Estados Unidos (EEUU)"},"_links":{"self":[{"href":"https:\/\/gwapps.com\/es\/wp-json\/wp\/v2\/pages\/15270","targetHints":{"allow":["GET"]}}],"collection":[{"href":"https:\/\/gwapps.com\/es\/wp-json\/wp\/v2\/pages"}],"about":[{"href":"https:\/\/gwapps.com\/es\/wp-json\/wp\/v2\/types\/page"}],"author":[{"embeddable":true,"href":"https:\/\/gwapps.com\/es\/wp-json\/wp\/v2\/users\/8"}],"replies":[{"embeddable":true,"href":"https:\/\/gwapps.com\/es\/wp-json\/wp\/v2\/comments?post=15270"}],"version-history":[{"count":16,"href":"https:\/\/gwapps.com\/es\/wp-json\/wp\/v2\/pages\/15270\/revisions"}],"predecessor-version":[{"id":16915,"href":"https:\/\/gwapps.com\/es\/wp-json\/wp\/v2\/pages\/15270\/revisions\/16915"}],"up":[{"embeddable":true,"href":"https:\/\/gwapps.com\/es\/wp-json\/wp\/v2\/pages\/4549"}],"wp:attachment":[{"href":"https:\/\/gwapps.com\/es\/wp-json\/wp\/v2\/media?parent=15270"}],"wp:term":[{"taxonomy":"category","embeddable":true,"href":"https:\/\/gwapps.com\/es\/wp-json\/wp\/v2\/categories?post=15270"},{"taxonomy":"post_tag","embeddable":true,"href":"https:\/\/gwapps.com\/es\/wp-json\/wp\/v2\/tags?post=15270"}],"curies":[{"name":"wp","href":"https:\/\/api.w.org\/{rel}","templated":true}]}}